{"id":1530,"date":"2025-07-28T17:01:53","date_gmt":"2025-07-28T14:01:53","guid":{"rendered":"https:\/\/puideseeme.ee\/?page_id=1530"},"modified":"2025-08-06T16:14:41","modified_gmt":"2025-08-06T13:14:41","slug":"hernes","status":"publish","type":"page","link":"https:\/\/puideseeme.ee\/en\/hernes\/","title":{"rendered":"Field Pea"},"content":{"rendered":"<div class=\"fusion-fullwidth fullwidth-box fusion-builder-row-1 fusion-flex-container has-pattern-background has-mask-background nonhundred-percent-fullwidth non-hundred-percent-height-scrolling\" style=\"--awb-border-radius-top-left:0px;--awb-border-radius-top-right:0px;--awb-border-radius-bottom-right:0px;--awb-border-radius-bottom-left:0px;--awb-flex-wrap:wrap;\" ><div class=\"fusion-builder-row fusion-row fusion-flex-align-items-flex-start fusion-flex-content-wrap\" style=\"max-width:1248px;margin-left: calc(-4% \/ 2 );margin-right: calc(-4% \/ 2 );\"><div class=\"fusion-layout-column fusion_builder_column fusion-builder-column-0 fusion_builder_column_1_1 1_1 fusion-flex-column\" style=\"--awb-bg-size:cover;--awb-width-large:100%;--awb-margin-top-large:0px;--awb-spacing-right-large:1.92%;--awb-margin-bottom-large:20px;--awb-spacing-left-large:1.92%;--awb-width-medium:100%;--awb-order-medium:0;--awb-spacing-right-medium:1.92%;--awb-spacing-left-medium:1.92%;--awb-width-small:100%;--awb-order-small:0;--awb-spacing-right-small:1.92%;--awb-spacing-left-small:1.92%;\"><div class=\"fusion-column-wrapper fusion-column-has-shadow fusion-flex-justify-content-flex-start fusion-content-layout-column\"><div class=\"fusion-title title fusion-title-1 fusion-sep-none fusion-title-text fusion-title-size-two\"><h2 class=\"fusion-title-heading title-heading-left\" style=\"margin:0;text-transform:none;\">Hernes<\/h2><\/div><div class=\"fusion-text fusion-text-1\"><h3>Hernes &#8211; OSTINATO<img decoding=\"async\" class=\"alignright wp-image-1627\" src=\"https:\/\/puideseeme.ee\/wp-content\/uploads\/2025\/08\/Suvivili-Hernes-OSTINATO-1--300x225.webp\" alt=\"Suvivili - Hernes OSTINATO\" width=\"500\" height=\"375\" srcset=\"https:\/\/puideseeme.ee\/wp-content\/uploads\/2025\/08\/Suvivili-Hernes-OSTINATO-1--16x12.webp 16w, https:\/\/puideseeme.ee\/wp-content\/uploads\/2025\/08\/Suvivili-Hernes-OSTINATO-1--200x150.webp 200w, https:\/\/puideseeme.ee\/wp-content\/uploads\/2025\/08\/Suvivili-Hernes-OSTINATO-1--300x225.webp 300w, https:\/\/puideseeme.ee\/wp-content\/uploads\/2025\/08\/Suvivili-Hernes-OSTINATO-1--400x300.webp 400w, https:\/\/puideseeme.ee\/wp-content\/uploads\/2025\/08\/Suvivili-Hernes-OSTINATO-1--600x450.webp 600w, https:\/\/puideseeme.ee\/wp-content\/uploads\/2025\/08\/Suvivili-Hernes-OSTINATO-1--768x576.webp 768w, https:\/\/puideseeme.ee\/wp-content\/uploads\/2025\/08\/Suvivili-Hernes-OSTINATO-1--800x600.webp 800w, https:\/\/puideseeme.ee\/wp-content\/uploads\/2025\/08\/Suvivili-Hernes-OSTINATO-1--1024x768.webp 1024w, https:\/\/puideseeme.ee\/wp-content\/uploads\/2025\/08\/Suvivili-Hernes-OSTINATO-1--1200x900.webp 1200w, https:\/\/puideseeme.ee\/wp-content\/uploads\/2025\/08\/Suvivili-Hernes-OSTINATO-1--1536x1152.webp 1536w\" sizes=\"(max-width: 500px) 100vw, 500px\" \/><\/h3>\n<p>Keskvalmiv kollane p\u00f5ldhernes<\/p>\n<p>Tasakaalustatud sort, mis \u00fchendab endas suure saagikuse ja hea proteiinisisalduse<\/p>\n<p>Kergesti koristatav sort, kuna valmimiseni hoiab head kasvuk\u00f5rgust ja p\u00fcsivust<\/p>\n<p>Sordil on lai kohanemispotentsiaal erinevate keskkonnatingimustega ja sobib seet\u00f5ttu erineva agronoomilise k\u00e4ekirjaga k\u00fclvikorda<\/p>\n<p>\u00d5itsemise algus keskvarane<\/p>\n<\/div><div class=\"awb-gallery-wrapper awb-gallery-wrapper-1 button-span-no\" style=\"--more-btn-alignment:center;margin-top:40px;\"><div style=\"margin:-5px;--awb-bordersize:0px;\" class=\"fusion-gallery fusion-gallery-container fusion-grid-5 fusion-columns-total-4 fusion-gallery-layout-grid fusion-gallery-1\"><div style=\"padding:5px;\" class=\"fusion-grid-column fusion-gallery-column fusion-gallery-column-5 hover-type-none\"><div class=\"fusion-gallery-image\"><a href=\"https:\/\/puideseeme.ee\/wp-content\/uploads\/2025\/08\/Suvivili-Hernes-OSTINATO-3--scaled.webp\" rel=\"noreferrer\" data-rel=\"iLightbox[gallery_image_1]\" class=\"fusion-lightbox\" target=\"_self\"><img decoding=\"async\" src=\"https:\/\/puideseeme.ee\/wp-content\/uploads\/2025\/08\/Suvivili-Hernes-OSTINATO-3--320x202.webp\" width=\"320\" height=\"202\" alt=\"Suvivili - Hernes OSTINATO\" title=\"Suvivili &#8211; Hernes OSTINATO\" aria-label=\"Suvivili &#8211; Hernes OSTINATO\" class=\"img-responsive wp-image-1629 fusion-gallery-image-size-fixed\" srcset=\"https:\/\/puideseeme.ee\/wp-content\/uploads\/2025\/08\/Suvivili-Hernes-OSTINATO-3--320x202.webp 320w, https:\/\/puideseeme.ee\/wp-content\/uploads\/2025\/08\/Suvivili-Hernes-OSTINATO-3--700x441.webp 700w\" sizes=\"(min-width: 2200px) 100vw, (min-width: 928px) 236px, (min-width: 856px) 295px, (min-width: 784px) 393px, (min-width: 712px) 590px, (min-width: 640px) 712px, \" \/><\/a><\/div><\/div><div style=\"padding:5px;\" class=\"fusion-grid-column fusion-gallery-column fusion-gallery-column-5 hover-type-none\"><div class=\"fusion-gallery-image\"><a href=\"https:\/\/puideseeme.ee\/wp-content\/uploads\/2025\/08\/Suvivili-Hernes-OSTINATO-4--scaled.webp\" rel=\"noreferrer\" data-rel=\"iLightbox[gallery_image_1]\" class=\"fusion-lightbox\" target=\"_self\"><img decoding=\"async\" src=\"https:\/\/puideseeme.ee\/wp-content\/uploads\/2025\/08\/Suvivili-Hernes-OSTINATO-4--320x202.webp\" width=\"320\" height=\"202\" alt=\"Suvivili - Hernes OSTINATO\" title=\"Suvivili &#8211; Hernes OSTINATO\" aria-label=\"Suvivili &#8211; Hernes OSTINATO\" class=\"img-responsive wp-image-1630 fusion-gallery-image-size-fixed\" srcset=\"https:\/\/puideseeme.ee\/wp-content\/uploads\/2025\/08\/Suvivili-Hernes-OSTINATO-4--320x202.webp 320w, https:\/\/puideseeme.ee\/wp-content\/uploads\/2025\/08\/Suvivili-Hernes-OSTINATO-4--700x441.webp 700w\" sizes=\"(min-width: 2200px) 100vw, (min-width: 928px) 236px, (min-width: 856px) 295px, (min-width: 784px) 393px, (min-width: 712px) 590px, (min-width: 640px) 712px, \" \/><\/a><\/div><\/div><div style=\"padding:5px;\" class=\"fusion-grid-column fusion-gallery-column fusion-gallery-column-5 hover-type-none\"><div class=\"fusion-gallery-image\"><a href=\"https:\/\/puideseeme.ee\/wp-content\/uploads\/2025\/08\/Suvivili-Hernes-OSTINATO-2--scaled.webp\" rel=\"noreferrer\" data-rel=\"iLightbox[gallery_image_1]\" class=\"fusion-lightbox\" target=\"_self\"><img decoding=\"async\" src=\"https:\/\/puideseeme.ee\/wp-content\/uploads\/2025\/08\/Suvivili-Hernes-OSTINATO-2--320x202.webp\" width=\"320\" height=\"202\" alt=\"Suvivili - Hernes OSTINATO\" title=\"Suvivili &#8211; Hernes OSTINATO\" aria-label=\"Suvivili &#8211; Hernes OSTINATO\" class=\"img-responsive wp-image-1628 fusion-gallery-image-size-fixed\" srcset=\"https:\/\/puideseeme.ee\/wp-content\/uploads\/2025\/08\/Suvivili-Hernes-OSTINATO-2--320x202.webp 320w, https:\/\/puideseeme.ee\/wp-content\/uploads\/2025\/08\/Suvivili-Hernes-OSTINATO-2--700x441.webp 700w\" sizes=\"(min-width: 2200px) 100vw, (min-width: 928px) 236px, (min-width: 856px) 295px, (min-width: 784px) 393px, (min-width: 712px) 590px, (min-width: 640px) 712px, \" \/><\/a><\/div><\/div><div style=\"padding:5px;\" class=\"fusion-grid-column fusion-gallery-column fusion-gallery-column-5 hover-type-none\"><div class=\"fusion-gallery-image\"><a href=\"https:\/\/puideseeme.ee\/wp-content\/uploads\/2025\/08\/Suvivili-Hernes-OSTINATO-1--scaled.webp\" rel=\"noreferrer\" data-rel=\"iLightbox[gallery_image_1]\" class=\"fusion-lightbox\" target=\"_self\"><img decoding=\"async\" src=\"https:\/\/puideseeme.ee\/wp-content\/uploads\/2025\/08\/Suvivili-Hernes-OSTINATO-1--320x202.webp\" width=\"320\" height=\"202\" alt=\"Suvivili - Hernes OSTINATO\" title=\"Suvivili &#8211; Hernes OSTINATO\" aria-label=\"Suvivili &#8211; Hernes OSTINATO\" class=\"img-responsive wp-image-1627 fusion-gallery-image-size-fixed\" srcset=\"https:\/\/puideseeme.ee\/wp-content\/uploads\/2025\/08\/Suvivili-Hernes-OSTINATO-1--320x202.webp 320w, https:\/\/puideseeme.ee\/wp-content\/uploads\/2025\/08\/Suvivili-Hernes-OSTINATO-1--700x441.webp 700w\" sizes=\"(min-width: 2200px) 100vw, (min-width: 928px) 236px, (min-width: 856px) 295px, (min-width: 784px) 393px, (min-width: 712px) 590px, (min-width: 640px) 712px, \" \/><\/a><\/div><\/div><\/div><\/div><div class=\"fusion-separator fusion-full-width-sep\" style=\"align-self: center;margin-left: auto;margin-right: auto;margin-top:20px;margin-bottom:20px;width:100%;\"><div class=\"fusion-separator-border sep-single sep-solid\" style=\"--awb-height:20px;--awb-amount:20px;border-color:var(--awb-color3);border-top-width:1px;\"><\/div><\/div>\n\n<div class=\"fusion-title title fusion-title-2 fusion-sep-none fusion-title-text fusion-title-size-two\"><h2 class=\"fusion-title-heading title-heading-left\" style=\"margin:0;text-transform:none;\">K\u00fcsi pakkumist!<\/h2><\/div><div class=\"fusion-form fusion-form-builder fusion-form-form-wrapper fusion-form-1501\" style=\"--awb-tooltip-text-color:#ffffff;--awb-tooltip-background-color:#333333;\" data-form-id=\"1501\" data-config=\"{&quot;form_id&quot;:&quot;1501&quot;,&quot;form_post_id&quot;:&quot;1501&quot;,&quot;post_id&quot;:1530,&quot;form_type&quot;:&quot;ajax&quot;,&quot;confirmation_type&quot;:&quot;redirect&quot;,&quot;redirect_url&quot;:&quot;https:\\\/\\\/puideseeme.ee\\\/taname-paringu-eest\\\/&quot;,&quot;field_labels&quot;:{&quot;nimi&quot;:&quot;&quot;,&quot;e-mail&quot;:&quot;&quot;,&quot;lisainfo&quot;:&quot;&quot;,&quot;ettevote&quot;:&quot;&quot;,&quot;telefoni_nr&quot;:&quot;&quot;,&quot;andmekaitsetingimused&quot;:&quot;&quot;},&quot;field_logics&quot;:{&quot;nimi&quot;:&quot;&quot;,&quot;e-mail&quot;:&quot;&quot;,&quot;lisainfo&quot;:&quot;&quot;,&quot;ettevote&quot;:&quot;&quot;,&quot;telefoni_nr&quot;:&quot;&quot;,&quot;andmekaitsetingimused&quot;:&quot;&quot;,&quot;submit_1&quot;:&quot;&quot;},&quot;field_types&quot;:{&quot;nimi&quot;:&quot;text&quot;,&quot;e-mail&quot;:&quot;email&quot;,&quot;lisainfo&quot;:&quot;textarea&quot;,&quot;ettevote&quot;:&quot;text&quot;,&quot;telefoni_nr&quot;:&quot;phone_number&quot;,&quot;andmekaitsetingimused&quot;:&quot;consent&quot;,&quot;submit_1&quot;:&quot;submit&quot;},&quot;nonce_method&quot;:&quot;ajax&quot;}\"><form action=\"https:\/\/puideseeme.ee\/en\/hernes\/\" method=\"post\" class=\"fusion-form fusion-form-1501\"><div class=\"fusion-fullwidth fullwidth-box fusion-builder-row-1-1 fusion-flex-container has-pattern-background has-mask-background nonhundred-percent-fullwidth non-hundred-percent-height-scrolling\" style=\"--awb-border-radius-top-left:0px;--awb-border-radius-top-right:0px;--awb-border-radius-bottom-right:0px;--awb-border-radius-bottom-left:0px;--awb-flex-wrap:wrap;\" ><div class=\"fusion-builder-row fusion-row fusion-flex-align-items-flex-start fusion-flex-content-wrap\" style=\"width:104% !important;max-width:104% !important;margin-left: calc(-4% \/ 2 );margin-right: calc(-4% \/ 2 );\"><div class=\"fusion-layout-column fusion_builder_column fusion-builder-column-1 fusion_builder_column_1_2 1_2 fusion-flex-column\" style=\"--awb-bg-size:cover;--awb-width-large:50%;--awb-flex-grow:0;--awb-flex-shrink:0;--awb-margin-top-large:0px;--awb-spacing-right-large:3.84%;--awb-margin-bottom-large:20px;--awb-spacing-left-large:3.84%;--awb-width-medium:50%;--awb-order-medium:0;--awb-flex-grow-medium:0;--awb-flex-shrink-medium:0;--awb-spacing-right-medium:3.84%;--awb-spacing-left-medium:3.84%;--awb-width-small:100%;--awb-order-small:0;--awb-flex-grow-small:0;--awb-flex-shrink-small:0;--awb-spacing-right-small:1.92%;--awb-spacing-left-small:1.92%;\"><div class=\"fusion-column-wrapper fusion-column-has-shadow fusion-flex-justify-content-flex-start fusion-content-layout-column\"><div class=\"fusion-form-field fusion-form-text-field fusion-form-label-above\" style=\"\" data-form-id=\"1501\"><input type=\"text\" autocomplete=\"off\"  data-empty-notice=\"Palun t\u00e4ida t\u00e4rniga t\u00e4histatud v\u00e4ljad!\" name=\"nimi\" id=\"nimi\" value=\"Nimi\"  class=\"fusion-form-input\" required=\"true\" aria-required=\"true\" placeholder=\"Nimi *\" data-holds-private-data=\"false\" minlength=\"0\"\/><\/div><div class=\"fusion-form-field fusion-form-email-field fusion-form-label-above\" style=\"\" data-form-id=\"1501\"><input type=\"email\" autocomplete=\"off\" name=\"e-mail\" id=\"e-mail\" value=\"\"  class=\"fusion-form-input\" required=\"true\" aria-required=\"true\" placeholder=\"E-mail *\" data-holds-private-data=\"false\"\/><\/div><div class=\"fusion-form-field fusion-form-textarea-field fusion-form-label-above\" style=\"\" data-form-id=\"1501\"><textarea cols=\"40\" autocomplete=\"off\"  minlength=\"0\"  rows=\"2\" tabindex=\"\" id=\"lisainfo\" name=\"lisainfo\" class=\"fusion-form-input\" placeholder=\"Lisainfo \" data-holds-private-data=\"false\"><\/textarea><\/div><\/div><\/div><div class=\"fusion-layout-column fusion_builder_column fusion-builder-column-2 fusion_builder_column_1_2 1_2 fusion-flex-column\" style=\"--awb-bg-size:cover;--awb-width-large:50%;--awb-flex-grow:0;--awb-flex-shrink:0;--awb-margin-top-large:0px;--awb-spacing-right-large:3.84%;--awb-margin-bottom-large:20px;--awb-spacing-left-large:3.84%;--awb-width-medium:50%;--awb-order-medium:0;--awb-flex-grow-medium:0;--awb-flex-shrink-medium:0;--awb-spacing-right-medium:3.84%;--awb-spacing-left-medium:3.84%;--awb-width-small:100%;--awb-order-small:0;--awb-flex-grow-small:0;--awb-flex-shrink-small:0;--awb-spacing-right-small:1.92%;--awb-spacing-left-small:1.92%;\"><div class=\"fusion-column-wrapper fusion-column-has-shadow fusion-flex-justify-content-flex-start fusion-content-layout-column\"><div class=\"fusion-form-field fusion-form-text-field fusion-form-label-above\" style=\"\" data-form-id=\"1501\"><input type=\"text\" autocomplete=\"off\" name=\"ettevote\" id=\"ettevote\" value=\"\"  class=\"fusion-form-input\" placeholder=\"Ettev\u00f5te \" data-holds-private-data=\"false\" minlength=\"0\"\/><\/div><div class=\"fusion-form-field fusion-form-phone-number-field fusion-form-label-above\" style=\"\" data-form-id=\"1501\"><input type=\"tel\" autocomplete=\"off\" name=\"telefoni_nr\" id=\"telefoni_nr\" value=\"\"  class=\"fusion-form-input\" placeholder=\"Telefoni nr. \" data-holds-private-data=\"false\"\/><\/div><div class=\"fusion-form-field fusion-form-consent-field fusion-form-label-above\" style=\"\" data-form-id=\"1501\"><div class=\"fusion-form-checkbox option-inline\"><input tabindex=\"\" id=\"andmekaitsetingimused\" type=\"checkbox\" value=\"1\" name=\"andmekaitsetingimused\" class=\"fusion-form-input\" required=\"true\" aria-required=\"true\"\/><label for=\"andmekaitsetingimused\">N\u00f5ustun <a href=\"https:\/\/puideseeme.ee\/andmekaitsetingimused\/\" target=\"_blank\"> privaatsustingimustega <\/a><\/label><\/div><\/div><div class=\"fusion-form-field fusion-form-submit-field fusion-form-label-above\" style=\"\" data-form-id=\"1501\"><div ><button type=\"submit\" class=\"fusion-button button-flat fusion-button-default-size button-default fusion-button-default button-1 fusion-button-default-span  form-form-submit button-default\" data-form-number=\"1501\" tabindex=\"\"><span class=\"fusion-button-text awb-button__text awb-button__text--default\">Saada<\/span><\/button><\/div><\/div><\/div><\/div><\/div><\/div><input type=\"hidden\" name=\"fusion_privacy_store_ip_ua\" value=\"false\"><input type=\"hidden\" name=\"fusion_privacy_expiration_interval\" value=\"48\"><input type=\"hidden\" name=\"privacy_expiration_action\" value=\"anonymize\"><\/form><\/div><\/div><\/div><\/div><\/div>\n","protected":false},"excerpt":{"rendered":"","protected":false},"author":2,"featured_media":0,"parent":0,"menu_order":0,"comment_status":"closed","ping_status":"closed","template":"","meta":{"footnotes":""},"class_list":["post-1530","page","type-page","status-publish","hentry"],"aioseo_notices":[],"_links":{"self":[{"href":"https:\/\/puideseeme.ee\/en\/wp-json\/wp\/v2\/pages\/1530","targetHints":{"allow":["GET"]}}],"collection":[{"href":"https:\/\/puideseeme.ee\/en\/wp-json\/wp\/v2\/pages"}],"about":[{"href":"https:\/\/puideseeme.ee\/en\/wp-json\/wp\/v2\/types\/page"}],"author":[{"embeddable":true,"href":"https:\/\/puideseeme.ee\/en\/wp-json\/wp\/v2\/users\/2"}],"replies":[{"embeddable":true,"href":"https:\/\/puideseeme.ee\/en\/wp-json\/wp\/v2\/comments?post=1530"}],"version-history":[{"count":9,"href":"https:\/\/puideseeme.ee\/en\/wp-json\/wp\/v2\/pages\/1530\/revisions"}],"predecessor-version":[{"id":1682,"href":"https:\/\/puideseeme.ee\/en\/wp-json\/wp\/v2\/pages\/1530\/revisions\/1682"}],"wp:attachment":[{"href":"https:\/\/puideseeme.ee\/en\/wp-json\/wp\/v2\/media?parent=1530"}],"curies":[{"name":"wp","href":"https:\/\/api.w.org\/{rel}","templated":true}]}}