{"id":1524,"date":"2025-07-28T16:56:25","date_gmt":"2025-07-28T13:56:25","guid":{"rendered":"https:\/\/puideseeme.ee\/?page_id=1524"},"modified":"2025-10-23T12:12:54","modified_gmt":"2025-10-23T09:12:54","slug":"hubriidrukis","status":"publish","type":"page","link":"https:\/\/puideseeme.ee\/en\/hubriidrukis\/","title":{"rendered":"Hybrid Rye"},"content":{"rendered":"<div class=\"fusion-fullwidth fullwidth-box fusion-builder-row-1 fusion-flex-container has-pattern-background has-mask-background nonhundred-percent-fullwidth non-hundred-percent-height-scrolling\" style=\"--awb-border-radius-top-left:0px;--awb-border-radius-top-right:0px;--awb-border-radius-bottom-right:0px;--awb-border-radius-bottom-left:0px;--awb-flex-wrap:wrap;\" ><div class=\"fusion-builder-row fusion-row fusion-flex-align-items-flex-start fusion-flex-content-wrap\" style=\"max-width:1248px;margin-left: calc(-4% \/ 2 );margin-right: calc(-4% \/ 2 );\"><div class=\"fusion-layout-column fusion_builder_column fusion-builder-column-0 fusion_builder_column_1_1 1_1 fusion-flex-column\" style=\"--awb-bg-size:cover;--awb-width-large:100%;--awb-margin-top-large:0px;--awb-spacing-right-large:1.92%;--awb-margin-bottom-large:20px;--awb-spacing-left-large:1.92%;--awb-width-medium:100%;--awb-order-medium:0;--awb-spacing-right-medium:1.92%;--awb-spacing-left-medium:1.92%;--awb-width-small:100%;--awb-order-small:0;--awb-spacing-right-small:1.92%;--awb-spacing-left-small:1.92%;\"><div class=\"fusion-column-wrapper fusion-column-has-shadow fusion-flex-justify-content-flex-start fusion-content-layout-column\"><div class=\"fusion-title title fusion-title-1 fusion-sep-none fusion-title-text fusion-title-size-two\"><h2 class=\"fusion-title-heading title-heading-left\" style=\"margin:0;\">H\u00fcbriidrukis<\/h2><\/div><div class=\"fusion-tabs fusion-tabs-1 classic nav-is-justified horizontal-tabs icon-position-left mobile-mode-carousel\" style=\"--icon-color:Array;--icon-active-color:Array;--awb-title-border-radius-top-left:0px;--awb-title-border-radius-top-right:0px;--awb-title-border-radius-bottom-right:0px;--awb-title-border-radius-bottom-left:0px;--awb-alignment:start;--awb-inactive-color:var(--awb-color2);--awb-title-text-color:Array;--awb-title-active-text-color:Array;--awb-background-color:var(--awb-color1);--awb-border-color:var(--awb-color3);--awb-active-border-color:var(--awb-color5);\"><div class=\"nav\"><ul class=\"nav-tabs nav-justified\" role=\"tablist\"><li class=\"active\" role=\"presentation\"><a class=\"tab-link\" data-toggle=\"tab\" role=\"tab\" aria-controls=\"tab-1a084362cd0a1eaee78\" aria-selected=\"true\" id=\"fusion-tab-superformer\" href=\"#tab-1a084362cd0a1eaee78\"><h4 class=\"fusion-tab-heading\">SU Performer<\/h4><\/a><\/li><li role=\"presentation\"><a class=\"tab-link\" data-toggle=\"tab\" role=\"tab\" aria-controls=\"tab-4758e55331b5f140eab\" aria-selected=\"false\" tabindex=\"-1\" id=\"fusion-tab-superspectiv\" href=\"#tab-4758e55331b5f140eab\"><h4 class=\"fusion-tab-heading\">SU Perspectiv<\/h4><\/a><\/li><\/ul><\/div><div class=\"tab-content\"><div class=\"tab-pane fade fusion-clearfix in active\" role=\"tabpanel\" tabindex=\"0\" aria-labelledby=\"fusion-tab-superformer\" id=\"tab-1a084362cd0a1eaee78\">\n<h3><img decoding=\"async\" class=\"size-medium wp-image-1625 alignright\" src=\"https:\/\/puideseeme.ee\/wp-content\/uploads\/2025\/08\/Talivili-Hubriidrukis-SU-PERFORMER-2-300x214.webp\" alt=\"Talivili - Hu\u0308briidrukis SU PERFORMER\" width=\"300\" height=\"214\" srcset=\"https:\/\/puideseeme.ee\/wp-content\/uploads\/2025\/08\/Talivili-Hubriidrukis-SU-PERFORMER-2-18x12.webp 18w, https:\/\/puideseeme.ee\/wp-content\/uploads\/2025\/08\/Talivili-Hubriidrukis-SU-PERFORMER-2-200x142.webp 200w, https:\/\/puideseeme.ee\/wp-content\/uploads\/2025\/08\/Talivili-Hubriidrukis-SU-PERFORMER-2-300x214.webp 300w, https:\/\/puideseeme.ee\/wp-content\/uploads\/2025\/08\/Talivili-Hubriidrukis-SU-PERFORMER-2-400x285.webp 400w, https:\/\/puideseeme.ee\/wp-content\/uploads\/2025\/08\/Talivili-Hubriidrukis-SU-PERFORMER-2-600x427.webp 600w, https:\/\/puideseeme.ee\/wp-content\/uploads\/2025\/08\/Talivili-Hubriidrukis-SU-PERFORMER-2-768x547.webp 768w, https:\/\/puideseeme.ee\/wp-content\/uploads\/2025\/08\/Talivili-Hubriidrukis-SU-PERFORMER-2-800x570.webp 800w, https:\/\/puideseeme.ee\/wp-content\/uploads\/2025\/08\/Talivili-Hubriidrukis-SU-PERFORMER-2.webp 1000w\" sizes=\"(max-width: 300px) 100vw, 300px\" \/><strong>H\u00fcbriidrukis SU PERFORMER<\/strong><\/h3>\n<p>Tuntud ja tunnustatud v\u00e4ga k\u00f5rge saagiga keskvalmiv h\u00fcbriidrukis<\/p>\n<p>Sobiv nii tervikkoristuseks kui teraks kasvatamiseks<\/p>\n<p>Siloks kasvatades tugev tulemus \u2013 relatiivne kuivaine saagikus teiste sortidega v\u00f5rreldes sageli \u00fcle 105%<\/p>\n<p>Hea terakvaliteediga, k\u00f5rge ja stabiilne langemisarv<\/p>\n<p>Intensiivne s\u00fcgisene ja varakevadine areng<\/p>\n<p>Hea lamandumiskindlus<\/p>\n<p>K\u00f5rge pruunrooste ja jahukaste taluvus<\/p>\n<p>Nimetatud Euroopa \u00fcheks saagikaimaks rukkisordiks!<\/p>\n<p>Tugev geneetika = stabiilsus + tootlikkus<\/p>\n<\/div><div class=\"tab-pane fade fusion-clearfix\" role=\"tabpanel\" tabindex=\"0\" aria-labelledby=\"fusion-tab-superspectiv\" id=\"tab-4758e55331b5f140eab\">\n<h3><img decoding=\"async\" class=\"size-medium wp-image-1623 alignright\" src=\"https:\/\/puideseeme.ee\/wp-content\/uploads\/2025\/08\/Talivili-Hubriidrukis-SU-PERSPECTIV-2-225x300.webp\" alt=\"Talivili - Hu\u0308briidrukis SU PERSPECTIV\" width=\"225\" height=\"300\" srcset=\"https:\/\/puideseeme.ee\/wp-content\/uploads\/2025\/08\/Talivili-Hubriidrukis-SU-PERSPECTIV-2-9x12.webp 9w, https:\/\/puideseeme.ee\/wp-content\/uploads\/2025\/08\/Talivili-Hubriidrukis-SU-PERSPECTIV-2-200x267.webp 200w, https:\/\/puideseeme.ee\/wp-content\/uploads\/2025\/08\/Talivili-Hubriidrukis-SU-PERSPECTIV-2-225x300.webp 225w, https:\/\/puideseeme.ee\/wp-content\/uploads\/2025\/08\/Talivili-Hubriidrukis-SU-PERSPECTIV-2-400x533.webp 400w, https:\/\/puideseeme.ee\/wp-content\/uploads\/2025\/08\/Talivili-Hubriidrukis-SU-PERSPECTIV-2-600x800.webp 600w, https:\/\/puideseeme.ee\/wp-content\/uploads\/2025\/08\/Talivili-Hubriidrukis-SU-PERSPECTIV-2-768x1024.webp 768w, https:\/\/puideseeme.ee\/wp-content\/uploads\/2025\/08\/Talivili-Hubriidrukis-SU-PERSPECTIV-2-800x1066.webp 800w, https:\/\/puideseeme.ee\/wp-content\/uploads\/2025\/08\/Talivili-Hubriidrukis-SU-PERSPECTIV-2.webp 1000w\" sizes=\"(max-width: 225px) 100vw, 225px\" \/><strong>H\u00fcbriidrukis SU PERSPECTIV<\/strong><\/h3>\n<p>Varajane h\u00fcbriidrukis nii tervikkoristuseks kui teraks kasvatamiseks<\/p>\n<p>Suur k\u00fclviaken \u2013 universaalne k\u00fclviaeg varasest hiliseni<\/p>\n<p>V\u00e4ga varajase ja tugeva arenguga kevadel<\/p>\n<p>Hea kompenseerimisv\u00f5imega erinevates stressitingimustes<\/p>\n<p>Sobib h\u00e4sti ka liivakatele muldadele, v\u00e4hen\u00f5udlik sort<\/p>\n<p>Hea lamandumiskindlus ja k\u00f5rretugevus<\/p>\n<p>Tungaltera resistentsus<\/p>\n<p>Heade saagin\u00e4itajatega ja seda isegi n\u00f5udlikes tingimustes<\/p>\n<p>SU PERSPECTIV ei ole lihtsalt stabiilne \u2013 see on\u00a0<strong>tippklassi h\u00fcbriid<\/strong><\/p>\n<\/div><\/div><\/div><div class=\"fusion-title title fusion-title-2 fusion-sep-none fusion-title-text fusion-title-size-four\"><h4 class=\"fusion-title-heading title-heading-left\" style=\"margin:0;\">H\u00fcbriidrukis SU PERFORMER<\/h4><\/div><div class=\"awb-gallery-wrapper awb-gallery-wrapper-1 button-span-no\" style=\"--more-btn-alignment:center;\"><div style=\"margin:-5px;--awb-bordersize:0px;\" class=\"fusion-gallery fusion-gallery-container fusion-grid-5 fusion-columns-total-2 fusion-gallery-layout-grid fusion-gallery-1\"><div style=\"padding:5px;\" class=\"fusion-grid-column fusion-gallery-column fusion-gallery-column-5 hover-type-none\"><div class=\"fusion-gallery-image\"><a href=\"https:\/\/puideseeme.ee\/wp-content\/uploads\/2025\/08\/Talivili-Hubriidrukis-SU-PERFORMER-3.webp\" rel=\"noreferrer\" data-rel=\"iLightbox[gallery_image_1]\" class=\"fusion-lightbox\" target=\"_self\"><img decoding=\"async\" src=\"https:\/\/puideseeme.ee\/wp-content\/uploads\/2025\/08\/Talivili-Hubriidrukis-SU-PERFORMER-3-320x202.webp\" width=\"320\" height=\"202\" alt=\"Talivili - Hu\u0308briidrukis SU PERFORMER\" title=\"Talivili &#8211; Hu\u0308briidrukis SU PERFORMER\" aria-label=\"Talivili &#8211; Hu\u0308briidrukis SU PERFORMER\" class=\"img-responsive wp-image-1626 fusion-gallery-image-size-fixed\" srcset=\"https:\/\/puideseeme.ee\/wp-content\/uploads\/2025\/08\/Talivili-Hubriidrukis-SU-PERFORMER-3-18x12.webp 18w, https:\/\/puideseeme.ee\/wp-content\/uploads\/2025\/08\/Talivili-Hubriidrukis-SU-PERFORMER-3-320x202.webp 320w, https:\/\/puideseeme.ee\/wp-content\/uploads\/2025\/08\/Talivili-Hubriidrukis-SU-PERFORMER-3-700x441.webp 700w\" sizes=\"(min-width: 2200px) 100vw, (min-width: 928px) 236px, (min-width: 856px) 295px, (min-width: 784px) 393px, (min-width: 712px) 590px, (min-width: 640px) 712px, \" \/><\/a><\/div><\/div><div style=\"padding:5px;\" class=\"fusion-grid-column fusion-gallery-column fusion-gallery-column-5 hover-type-none\"><div class=\"fusion-gallery-image\"><a href=\"https:\/\/puideseeme.ee\/wp-content\/uploads\/2025\/08\/Talivili-Hubriidrukis-SU-PERFORMER-2.webp\" rel=\"noreferrer\" data-rel=\"iLightbox[gallery_image_1]\" class=\"fusion-lightbox\" target=\"_self\"><img decoding=\"async\" src=\"https:\/\/puideseeme.ee\/wp-content\/uploads\/2025\/08\/Talivili-Hubriidrukis-SU-PERFORMER-2-320x202.webp\" width=\"320\" height=\"202\" alt=\"Talivili - Hu\u0308briidrukis SU PERFORMER\" title=\"Talivili &#8211; Hu\u0308briidrukis SU PERFORMER\" aria-label=\"Talivili &#8211; Hu\u0308briidrukis SU PERFORMER\" class=\"img-responsive wp-image-1625 fusion-gallery-image-size-fixed\" srcset=\"https:\/\/puideseeme.ee\/wp-content\/uploads\/2025\/08\/Talivili-Hubriidrukis-SU-PERFORMER-2-18x12.webp 18w, https:\/\/puideseeme.ee\/wp-content\/uploads\/2025\/08\/Talivili-Hubriidrukis-SU-PERFORMER-2-320x202.webp 320w, https:\/\/puideseeme.ee\/wp-content\/uploads\/2025\/08\/Talivili-Hubriidrukis-SU-PERFORMER-2-700x441.webp 700w\" sizes=\"(min-width: 2200px) 100vw, (min-width: 928px) 236px, (min-width: 856px) 295px, (min-width: 784px) 393px, (min-width: 712px) 590px, (min-width: 640px) 712px, \" \/><\/a><\/div><\/div><\/div><\/div><div class=\"fusion-title title fusion-title-3 fusion-sep-none fusion-title-text fusion-title-size-four\"><h4 class=\"fusion-title-heading title-heading-left\" style=\"margin:0;\"><h4><strong>H\u00fcbriidrukis SU PERSPECTIV<\/strong><\/h4><\/h4><\/div><div class=\"awb-gallery-wrapper awb-gallery-wrapper-2 button-span-no\" style=\"--more-btn-alignment:center;\"><div style=\"margin:-5px;--awb-bordersize:0px;\" class=\"fusion-gallery fusion-gallery-container fusion-grid-5 fusion-columns-total-3 fusion-gallery-layout-grid fusion-gallery-2\"><div style=\"padding:5px;\" class=\"fusion-grid-column fusion-gallery-column fusion-gallery-column-5 hover-type-none\"><div class=\"fusion-gallery-image\"><a href=\"https:\/\/puideseeme.ee\/wp-content\/uploads\/2025\/08\/Talivili-Hubriidrukis-SU-PERFORMER-1.webp\" rel=\"noreferrer\" data-rel=\"iLightbox[gallery_image_2]\" class=\"fusion-lightbox\" target=\"_self\"><img decoding=\"async\" src=\"https:\/\/puideseeme.ee\/wp-content\/uploads\/2025\/08\/Talivili-Hubriidrukis-SU-PERFORMER-1-320x202.webp\" width=\"320\" height=\"202\" alt=\"Talivili - Hu\u0308briidrukis SU PERFORMER\" title=\"Talivili &#8211; Hu\u0308briidrukis SU PERFORMER\" aria-label=\"Talivili &#8211; Hu\u0308briidrukis SU PERFORMER\" class=\"img-responsive wp-image-1624 fusion-gallery-image-size-fixed\" srcset=\"https:\/\/puideseeme.ee\/wp-content\/uploads\/2025\/08\/Talivili-Hubriidrukis-SU-PERFORMER-1-320x202.webp 320w, https:\/\/puideseeme.ee\/wp-content\/uploads\/2025\/08\/Talivili-Hubriidrukis-SU-PERFORMER-1-700x441.webp 700w\" sizes=\"(min-width: 2200px) 100vw, (min-width: 928px) 236px, (min-width: 856px) 295px, (min-width: 784px) 393px, (min-width: 712px) 590px, (min-width: 640px) 712px, \" \/><\/a><\/div><\/div><div style=\"padding:5px;\" class=\"fusion-grid-column fusion-gallery-column fusion-gallery-column-5 hover-type-none\"><div class=\"fusion-gallery-image\"><a href=\"https:\/\/puideseeme.ee\/wp-content\/uploads\/2025\/08\/Talivili-Hubriidrukis-SU-PERSPECTIV-2.webp\" rel=\"noreferrer\" data-rel=\"iLightbox[gallery_image_2]\" class=\"fusion-lightbox\" target=\"_self\"><img decoding=\"async\" src=\"https:\/\/puideseeme.ee\/wp-content\/uploads\/2025\/08\/Talivili-Hubriidrukis-SU-PERSPECTIV-2-320x202.webp\" width=\"320\" height=\"202\" alt=\"Talivili - Hu\u0308briidrukis SU PERSPECTIV\" title=\"Talivili &#8211; Hu\u0308briidrukis SU PERSPECTIV\" aria-label=\"Talivili &#8211; Hu\u0308briidrukis SU PERSPECTIV\" class=\"img-responsive wp-image-1623 fusion-gallery-image-size-fixed\" srcset=\"https:\/\/puideseeme.ee\/wp-content\/uploads\/2025\/08\/Talivili-Hubriidrukis-SU-PERSPECTIV-2-320x202.webp 320w, https:\/\/puideseeme.ee\/wp-content\/uploads\/2025\/08\/Talivili-Hubriidrukis-SU-PERSPECTIV-2-700x441.webp 700w\" sizes=\"(min-width: 2200px) 100vw, (min-width: 928px) 236px, (min-width: 856px) 295px, (min-width: 784px) 393px, (min-width: 712px) 590px, (min-width: 640px) 712px, \" \/><\/a><\/div><\/div><div style=\"padding:5px;\" class=\"fusion-grid-column fusion-gallery-column fusion-gallery-column-5 hover-type-none\"><div class=\"fusion-gallery-image\"><a href=\"https:\/\/puideseeme.ee\/wp-content\/uploads\/2025\/08\/Talivili-Hubriidrukis-SU-PERSPECTIV-1.webp\" rel=\"noreferrer\" data-rel=\"iLightbox[gallery_image_2]\" class=\"fusion-lightbox\" target=\"_self\"><img decoding=\"async\" src=\"https:\/\/puideseeme.ee\/wp-content\/uploads\/2025\/08\/Talivili-Hubriidrukis-SU-PERSPECTIV-1-320x202.webp\" width=\"320\" height=\"202\" alt=\"Talivili - Hu\u0308briidrukis SU PERSPECTIV\" title=\"Talivili &#8211; Hu\u0308briidrukis SU PERSPECTIV\" aria-label=\"Talivili &#8211; Hu\u0308briidrukis SU PERSPECTIV\" class=\"img-responsive wp-image-1622 fusion-gallery-image-size-fixed\" srcset=\"https:\/\/puideseeme.ee\/wp-content\/uploads\/2025\/08\/Talivili-Hubriidrukis-SU-PERSPECTIV-1-18x12.webp 18w, https:\/\/puideseeme.ee\/wp-content\/uploads\/2025\/08\/Talivili-Hubriidrukis-SU-PERSPECTIV-1-320x202.webp 320w, https:\/\/puideseeme.ee\/wp-content\/uploads\/2025\/08\/Talivili-Hubriidrukis-SU-PERSPECTIV-1-700x441.webp 700w\" sizes=\"(min-width: 2200px) 100vw, (min-width: 928px) 236px, (min-width: 856px) 295px, (min-width: 784px) 393px, (min-width: 712px) 590px, (min-width: 640px) 712px, \" \/><\/a><\/div><\/div><div class=\"clearfix\"><\/div><\/div><\/div><div class=\"fusion-separator fusion-full-width-sep\" style=\"align-self: center;margin-left: auto;margin-right: auto;margin-top:20px;margin-bottom:20px;width:100%;\"><div class=\"fusion-separator-border sep-single sep-solid\" style=\"--awb-height:20px;--awb-amount:20px;border-color:var(--awb-color3);border-top-width:1px;\"><\/div><\/div>\n<div class=\"fusion-title title fusion-title-4 fusion-sep-none fusion-title-text fusion-title-size-two\"><h2 class=\"fusion-title-heading title-heading-left\" style=\"margin:0;text-transform:none;\">K\u00fcsi pakkumist!<\/h2><\/div><div class=\"fusion-form fusion-form-builder fusion-form-form-wrapper fusion-form-1500\" style=\"--awb-tooltip-text-color:#ffffff;--awb-tooltip-background-color:#333333;\" data-form-id=\"1500\" data-config=\"{&quot;form_id&quot;:&quot;1500&quot;,&quot;form_post_id&quot;:&quot;1500&quot;,&quot;post_id&quot;:1524,&quot;form_type&quot;:&quot;ajax&quot;,&quot;confirmation_type&quot;:&quot;redirect&quot;,&quot;redirect_url&quot;:&quot;https:\\\/\\\/puideseeme.ee\\\/taname-paringu-eest\\\/&quot;,&quot;field_labels&quot;:{&quot;nimi&quot;:&quot;&quot;,&quot;ettevote&quot;:&quot;&quot;,&quot;e-mail&quot;:&quot;&quot;,&quot;telefoni_nr&quot;:&quot;&quot;,&quot;lisainfo&quot;:&quot;&quot;,&quot;viljasort&quot;:&quot;Vali viljasort&quot;,&quot;andmekaitsetingimused&quot;:&quot;&quot;},&quot;field_logics&quot;:{&quot;nimi&quot;:&quot;&quot;,&quot;ettevote&quot;:&quot;&quot;,&quot;e-mail&quot;:&quot;&quot;,&quot;telefoni_nr&quot;:&quot;&quot;,&quot;lisainfo&quot;:&quot;&quot;,&quot;viljasort&quot;:&quot;&quot;,&quot;andmekaitsetingimused&quot;:&quot;&quot;,&quot;submit_1&quot;:&quot;&quot;},&quot;field_types&quot;:{&quot;nimi&quot;:&quot;text&quot;,&quot;ettevote&quot;:&quot;text&quot;,&quot;e-mail&quot;:&quot;email&quot;,&quot;telefoni_nr&quot;:&quot;phone_number&quot;,&quot;lisainfo&quot;:&quot;textarea&quot;,&quot;viljasort&quot;:&quot;checkbox&quot;,&quot;andmekaitsetingimused&quot;:&quot;consent&quot;,&quot;submit_1&quot;:&quot;submit&quot;},&quot;nonce_method&quot;:&quot;ajax&quot;}\"><form action=\"https:\/\/puideseeme.ee\/en\/hubriidrukis\/\" method=\"post\" class=\"fusion-form fusion-form-1500\"><div class=\"fusion-fullwidth fullwidth-box fusion-builder-row-1-1 fusion-flex-container has-pattern-background has-mask-background nonhundred-percent-fullwidth non-hundred-percent-height-scrolling\" style=\"--awb-border-radius-top-left:0px;--awb-border-radius-top-right:0px;--awb-border-radius-bottom-right:0px;--awb-border-radius-bottom-left:0px;--awb-flex-wrap:wrap;\" ><div class=\"fusion-builder-row fusion-row fusion-flex-align-items-flex-start fusion-flex-content-wrap\" style=\"width:104% !important;max-width:104% !important;margin-left: calc(-4% \/ 2 );margin-right: calc(-4% \/ 2 );\"><div class=\"fusion-layout-column fusion_builder_column fusion-builder-column-1 fusion_builder_column_1_2 1_2 fusion-flex-column\" style=\"--awb-bg-size:cover;--awb-width-large:50%;--awb-flex-grow:0;--awb-flex-shrink:0;--awb-margin-top-large:0px;--awb-spacing-right-large:3.84%;--awb-margin-bottom-large:20px;--awb-spacing-left-large:3.84%;--awb-width-medium:50%;--awb-order-medium:0;--awb-flex-grow-medium:0;--awb-flex-shrink-medium:0;--awb-spacing-right-medium:3.84%;--awb-spacing-left-medium:3.84%;--awb-width-small:100%;--awb-order-small:0;--awb-flex-grow-small:0;--awb-flex-shrink-small:0;--awb-spacing-right-small:1.92%;--awb-spacing-left-small:1.92%;\"><div class=\"fusion-column-wrapper fusion-column-has-shadow fusion-flex-justify-content-flex-start fusion-content-layout-column\"><div class=\"fusion-form-field fusion-form-text-field fusion-form-label-above\" style=\"\" data-form-id=\"1500\"><input type=\"text\" autocomplete=\"off\"  data-empty-notice=\"Palun t\u00e4ida t\u00e4rniga t\u00e4histatud v\u00e4ljad!\" name=\"nimi\" id=\"nimi\" value=\"Nimi\"  class=\"fusion-form-input\" required=\"true\" aria-required=\"true\" placeholder=\"Nimi *\" data-holds-private-data=\"false\" minlength=\"0\"\/><\/div><div class=\"fusion-form-field fusion-form-text-field fusion-form-label-above\" style=\"\" data-form-id=\"1500\"><input type=\"text\" autocomplete=\"off\" name=\"ettevote\" id=\"ettevote\" value=\"\"  class=\"fusion-form-input\" placeholder=\"Ettev\u00f5te \" data-holds-private-data=\"false\" minlength=\"0\"\/><\/div><div class=\"fusion-form-field fusion-form-email-field fusion-form-label-above\" style=\"\" data-form-id=\"1500\"><input type=\"email\" autocomplete=\"off\" name=\"e-mail\" id=\"e-mail\" value=\"\"  class=\"fusion-form-input\" required=\"true\" aria-required=\"true\" placeholder=\"E-mail *\" data-holds-private-data=\"false\"\/><\/div><div class=\"fusion-form-field fusion-form-phone-number-field fusion-form-label-above\" style=\"\" data-form-id=\"1500\"><input type=\"tel\" autocomplete=\"off\" name=\"telefoni_nr\" id=\"telefoni_nr\" value=\"\"  class=\"fusion-form-input\" placeholder=\"Telefoni nr. \" data-holds-private-data=\"false\"\/><\/div><div class=\"fusion-form-field fusion-form-textarea-field fusion-form-label-above\" style=\"\" data-form-id=\"1500\"><textarea cols=\"40\" autocomplete=\"off\"  minlength=\"0\"  rows=\"2\" tabindex=\"\" id=\"lisainfo\" name=\"lisainfo\" class=\"fusion-form-input\" placeholder=\"Lisainfo \" data-holds-private-data=\"false\"><\/textarea><\/div><\/div><\/div><div class=\"fusion-layout-column fusion_builder_column fusion-builder-column-2 fusion_builder_column_1_2 1_2 fusion-flex-column\" style=\"--awb-bg-size:cover;--awb-width-large:50%;--awb-flex-grow:0;--awb-flex-shrink:0;--awb-margin-top-large:0px;--awb-spacing-right-large:3.84%;--awb-margin-bottom-large:20px;--awb-spacing-left-large:3.84%;--awb-width-medium:50%;--awb-order-medium:0;--awb-flex-grow-medium:0;--awb-flex-shrink-medium:0;--awb-spacing-right-medium:3.84%;--awb-spacing-left-medium:3.84%;--awb-width-small:100%;--awb-order-small:0;--awb-flex-grow-small:0;--awb-flex-shrink-small:0;--awb-spacing-right-small:1.92%;--awb-spacing-left-small:1.92%;\"><div class=\"fusion-column-wrapper fusion-column-has-shadow fusion-flex-justify-content-flex-start fusion-content-layout-column\"><div class=\"fusion-form-field fusion-form-checkbox-field fusion-form-label-above\" style=\"\" data-form-id=\"1500\"><fieldset><legend class=\"fusion-form-label-wrapper\"><span class=\"label\">Vali viljasort<\/span><\/legend><div class=\"fusion-form-checkbox\"><input tabindex=\"\" id=\"checkbox-viljasort-1-0\" type=\"checkbox\" value=\"H\u00fcbriidrukis: Su Performer\" name=\"viljasort[]\" class=\"fusion-form-input\" data-holds-private-data=\"false\"\/><label for=\"checkbox-viljasort-1-0\">H\u00fcbriidrukis: Su Performer<\/label><\/div><div class=\"fusion-form-checkbox\"><input tabindex=\"\" id=\"checkbox-viljasort-1-1\" type=\"checkbox\" value=\"H\u00fcbriidrukis: Su Perspecti\" name=\"viljasort[]\" class=\"fusion-form-input\" data-holds-private-data=\"false\"\/><label for=\"checkbox-viljasort-1-1\">H\u00fcbriidrukis: Su Perspecti<\/label><\/div><\/fieldset><\/div><div class=\"fusion-form-field fusion-form-consent-field fusion-form-label-above\" style=\"\" data-form-id=\"1500\"><div class=\"fusion-form-checkbox option-inline\"><input tabindex=\"\" id=\"andmekaitsetingimused\" type=\"checkbox\" value=\"1\" name=\"andmekaitsetingimused\" class=\"fusion-form-input\" required=\"true\" aria-required=\"true\"\/><label for=\"andmekaitsetingimused\">N\u00f5ustun <a href=\"https:\/\/puideseeme.ee\/andmekaitsetingimused\/\" target=\"_blank\"> privaatsustingimustega <\/a><\/label><\/div><\/div><div class=\"fusion-form-field fusion-form-submit-field fusion-form-label-above\" style=\"\" data-form-id=\"1500\"><div ><button type=\"submit\" class=\"fusion-button button-flat fusion-button-default-size button-default fusion-button-default button-1 fusion-button-default-span  form-form-submit button-default\" data-form-number=\"1500\" tabindex=\"\"><span class=\"fusion-button-text awb-button__text awb-button__text--default\">Saada<\/span><\/button><\/div><\/div><\/div><\/div><\/div><\/div><input type=\"hidden\" name=\"fusion_privacy_store_ip_ua\" value=\"false\"><input type=\"hidden\" name=\"fusion_privacy_expiration_interval\" value=\"48\"><input type=\"hidden\" name=\"privacy_expiration_action\" value=\"anonymize\"><\/form><\/div><\/div><\/div><\/div><\/div>\n","protected":false},"excerpt":{"rendered":"","protected":false},"author":2,"featured_media":0,"parent":0,"menu_order":0,"comment_status":"closed","ping_status":"closed","template":"","meta":{"footnotes":""},"class_list":["post-1524","page","type-page","status-publish","hentry"],"aioseo_notices":[],"_links":{"self":[{"href":"https:\/\/puideseeme.ee\/en\/wp-json\/wp\/v2\/pages\/1524","targetHints":{"allow":["GET"]}}],"collection":[{"href":"https:\/\/puideseeme.ee\/en\/wp-json\/wp\/v2\/pages"}],"about":[{"href":"https:\/\/puideseeme.ee\/en\/wp-json\/wp\/v2\/types\/page"}],"author":[{"embeddable":true,"href":"https:\/\/puideseeme.ee\/en\/wp-json\/wp\/v2\/users\/2"}],"replies":[{"embeddable":true,"href":"https:\/\/puideseeme.ee\/en\/wp-json\/wp\/v2\/comments?post=1524"}],"version-history":[{"count":9,"href":"https:\/\/puideseeme.ee\/en\/wp-json\/wp\/v2\/pages\/1524\/revisions"}],"predecessor-version":[{"id":2049,"href":"https:\/\/puideseeme.ee\/en\/wp-json\/wp\/v2\/pages\/1524\/revisions\/2049"}],"wp:attachment":[{"href":"https:\/\/puideseeme.ee\/en\/wp-json\/wp\/v2\/media?parent=1524"}],"curies":[{"name":"wp","href":"https:\/\/api.w.org\/{rel}","templated":true}]}}