{"id":1411,"date":"2025-07-18T09:18:00","date_gmt":"2025-07-18T09:18:00","guid":{"rendered":"https:\/\/puideseeme.ee\/?page_id=1411"},"modified":"2025-09-17T11:55:38","modified_gmt":"2025-09-17T08:55:38","slug":"noustamine","status":"publish","type":"page","link":"https:\/\/puideseeme.ee\/en\/noustamine\/","title":{"rendered":"Agronomical Advisory"},"content":{"rendered":"<div class=\"fusion-fullwidth fullwidth-box fusion-builder-row-1 fusion-flex-container has-pattern-background has-mask-background nonhundred-percent-fullwidth non-hundred-percent-height-scrolling\" style=\"--awb-border-radius-top-left:0px;--awb-border-radius-top-right:0px;--awb-border-radius-bottom-right:0px;--awb-border-radius-bottom-left:0px;--awb-flex-wrap:wrap;\" ><div class=\"fusion-builder-row fusion-row fusion-flex-align-items-flex-start fusion-flex-content-wrap\" style=\"max-width:1248px;margin-left: calc(-4% \/ 2 );margin-right: calc(-4% \/ 2 );\"><div class=\"fusion-layout-column fusion_builder_column fusion-builder-column-0 fusion_builder_column_1_1 1_1 fusion-flex-column\" style=\"--awb-bg-size:cover;--awb-width-large:100%;--awb-margin-top-large:0px;--awb-spacing-right-large:1.92%;--awb-margin-bottom-large:20px;--awb-spacing-left-large:1.92%;--awb-width-medium:100%;--awb-order-medium:0;--awb-spacing-right-medium:1.92%;--awb-spacing-left-medium:1.92%;--awb-width-small:100%;--awb-order-small:0;--awb-spacing-right-small:1.92%;--awb-spacing-left-small:1.92%;\"><div class=\"fusion-column-wrapper fusion-column-has-shadow fusion-flex-justify-content-flex-start fusion-content-layout-column\"><div class=\"fusion-title title fusion-title-1 fusion-sep-none fusion-title-text fusion-title-size-two\"><h2 class=\"fusion-title-heading title-heading-left\" style=\"margin:0;\"><strong>Independent Agronomic Advisory<\/strong><\/h2><\/div><div class=\"fusion-text fusion-text-1\"><p><img decoding=\"async\" class=\"alignright wp-image-1908\" src=\"https:\/\/puideseeme.ee\/wp-content\/uploads\/2025\/09\/Autorist.webp\" alt=\"\" width=\"400\" height=\"599\" srcset=\"https:\/\/puideseeme.ee\/wp-content\/uploads\/2025\/09\/Autorist-8x12.webp 8w, https:\/\/puideseeme.ee\/wp-content\/uploads\/2025\/09\/Autorist-200x300.webp 200w, https:\/\/puideseeme.ee\/wp-content\/uploads\/2025\/09\/Autorist-400x599.webp 400w, https:\/\/puideseeme.ee\/wp-content\/uploads\/2025\/09\/Autorist-600x899.webp 600w, https:\/\/puideseeme.ee\/wp-content\/uploads\/2025\/09\/Autorist-684x1024.webp 684w, https:\/\/puideseeme.ee\/wp-content\/uploads\/2025\/09\/Autorist-768x1150.webp 768w, https:\/\/puideseeme.ee\/wp-content\/uploads\/2025\/09\/Autorist-800x1198.webp 800w, https:\/\/puideseeme.ee\/wp-content\/uploads\/2025\/09\/Autorist-1025x1536.webp 1025w, https:\/\/puideseeme.ee\/wp-content\/uploads\/2025\/09\/Autorist.webp 1199w\" sizes=\"(max-width: 400px) 100vw, 400px\" \/>Our consulting service is designed for crop-growing farms and agricultural enterprises of every size and level, as well as for their agronomists and crop production specialists. The service is also valuable for other agribusinesses, that need support and advice from an experienced crop production consultant.<\/p>\n<p>Consulting topics include:<\/p>\n<ul>\n<li><strong>Crop season planning<\/strong> \u2013 crops and varieties, crop rotation, plant protection and fertilization plans<\/li>\n<li><strong>Field inspections during the season<\/strong> Field walks during season \u2013 together with the farmer\/agronomist or independently; mapping the current situation in the field, providing on-site advice, followed by a written report and action plan<\/li>\n<li><strong>Interpretation of agronomic\/agricultural analyses <\/strong>Interpretation of agricultural analyses\u2013 soil samples, leaf samples, sap analyses, soil maps, etc<\/li>\n<li><strong>Post-season analysis - analysis of what was done in the fields during the season and the final results, interpretation of different map layers and harvest results<\/strong> \u2013 review of field practices and results, interpretation of yield data and map layers.<\/li>\n<li><strong>Digital agriculture support services <\/strong>Digital farming and tools \u2013 assistance with digital solutions and e-field record systems<\/li>\n<li><strong>Analysis and translations of professional literature - translations and content reviews of professional material in English, bidirectional translations Estonian-English-Estonian <\/strong>\u2013 translations of agricultural materials from English to Estonian and vice versa, along with content summaries.<\/li>\n<li><strong>Ongoing issues and decisions - all, that can be answered or solved by the advisor's long-term experience and knowledge<\/strong>, guided by the consultant\u2019s long-standing practical experience in agriculture.<\/li>\n<\/ul>\n<\/div><div class=\"fusion-content-boxes content-boxes columns row fusion-columns-3 fusion-columns-total-3 fusion-content-boxes-1 content-boxes-icon-on-top content-left\" style=\"--awb-margin-top:20px;--awb-margin-bottom:0px;--awb-hover-accent-color:var(--awb-color4);--awb-circle-hover-accent-color:var(--awb-color4);\" data-animationoffset=\"top-into-view\"><div style=\"--awb-backgroundcolor:rgba(255,255,255,0);\" class=\"fusion-column content-box-column content-box-column content-box-column-1 col-lg-4 col-md-4 col-sm-4 fusion-content-box-hover content-box-column-first-in-row\"><div class=\"col content-box-wrapper content-wrapper link-area-link-icon content-icon-wrapper-yes icon-hover-animation-fade\" data-animationoffset=\"top-into-view\"><div class=\"heading heading-with-icon icon-left\"><div class=\"icon\"><span style=\"height:42px;width:42px;line-height:22px;border-color:rgba(255,255,255,0);border-width:1px;border-style:solid;background-color:var(--awb-custom_color_1);box-sizing:content-box;border-radius:50%;\"><i style=\"border-color:var(--awb-custom_color_1);border-width:1px;background-color:var(--awb-custom_color_1);box-sizing:content-box;height:40px;width:40px;line-height:40px;border-radius:50%;position:relative;top:auto;left:auto;margin:0;border-radius:50%;font-size:20px;\" aria-hidden=\"true\" class=\"fontawesome-icon fa-street-view fas circle-yes\"><\/i><\/span><\/div><h2 class=\"content-box-heading\" style=\"--h2_typography-font-size:24px;line-height:29px;\">Thousands of agronomist\u2019s steps across thousands of hectares!<\/h2><\/div><div class=\"fusion-clearfix\"><\/div><div class=\"content-container\">\n<p>More than 15 years of practical knowledge and experience as an agronomist and advisor, gained across Estonian and international fields, field days, and training sessions.<\/p>\n<\/div><\/div><\/div><div style=\"--awb-backgroundcolor:rgba(255,255,255,0);\" class=\"fusion-column content-box-column content-box-column content-box-column-2 col-lg-4 col-md-4 col-sm-4 fusion-content-box-hover\"><div class=\"col content-box-wrapper content-wrapper link-area-link-icon content-icon-wrapper-yes icon-hover-animation-fade\" data-animationoffset=\"top-into-view\"><div class=\"heading heading-with-icon icon-left\"><div class=\"icon\"><span style=\"height:42px;width:42px;line-height:22px;border-color:rgba(255,255,255,0);border-width:1px;border-style:solid;background-color:var(--awb-custom_color_1);box-sizing:content-box;border-radius:50%;\"><i style=\"border-color:var(--awb-custom_color_1);border-width:1px;background-color:var(--awb-custom_color_1);box-sizing:content-box;height:40px;width:40px;line-height:40px;border-radius:50%;position:relative;top:auto;left:auto;margin:0;border-radius:50%;font-size:20px;\" aria-hidden=\"true\" class=\"fontawesome-icon fa-tractor fas circle-yes\"><\/i><\/span><\/div><h2 class=\"content-box-heading\" style=\"--h2_typography-font-size:24px;line-height:29px;\">Daily farm operations are second nature!<\/h2><\/div><div class=\"fusion-clearfix\"><\/div><div class=\"content-container\">\n<p>The consultant is actively involved in crop production and seed multiplication in a working farm.<\/p>\n<\/div><\/div><\/div><div style=\"--awb-backgroundcolor:rgba(255,255,255,0);\" class=\"fusion-column content-box-column content-box-column content-box-column-3 col-lg-4 col-md-4 col-sm-4 fusion-content-box-hover content-box-column-last content-box-column-last-in-row\"><div class=\"col content-box-wrapper content-wrapper link-area-link-icon content-icon-wrapper-yes icon-hover-animation-fade\" data-animationoffset=\"top-into-view\"><div class=\"heading heading-with-icon icon-left\"><div class=\"icon\"><span style=\"height:42px;width:42px;line-height:22px;border-color:rgba(255,255,255,0);border-width:1px;border-style:solid;background-color:var(--awb-custom_color_1);box-sizing:content-box;border-radius:50%;\"><i style=\"border-color:var(--awb-custom_color_1);border-width:1px;background-color:var(--awb-custom_color_1);box-sizing:content-box;height:40px;width:40px;line-height:40px;border-radius:50%;position:relative;top:auto;left:auto;margin:0;border-radius:50%;font-size:20px;\" aria-hidden=\"true\" class=\"fontawesome-icon fa-users fas circle-yes\"><\/i><\/span><\/div><h2 class=\"content-box-heading\" style=\"--h2_typography-font-size:24px;line-height:29px;\">People and networks make the difference!<\/h2><\/div><div class=\"fusion-clearfix\"><\/div><div class=\"content-container\">\n<p>A wide network of contacts in Estonia and abroad \u2013 farmers, crop protection, fertilization, machinery, research, universities, and more.<\/p>\n<\/div><\/div><\/div><div class=\"fusion-clearfix\"><\/div><\/div><div class=\"fusion-content-boxes content-boxes columns row fusion-columns-2 fusion-columns-total-2 fusion-content-boxes-2 content-boxes-icon-on-top content-left\" style=\"--awb-margin-top:20px;--awb-margin-bottom:0px;--awb-hover-accent-color:var(--awb-color4);--awb-circle-hover-accent-color:var(--awb-color4);\" data-animationoffset=\"top-into-view\"><div style=\"--awb-backgroundcolor:rgba(255,255,255,0);\" class=\"fusion-column content-box-column content-box-column content-box-column-1 col-lg-6 col-md-6 col-sm-6 fusion-content-box-hover content-box-column-first-in-row\"><div class=\"col content-box-wrapper content-wrapper link-area-link-icon content-icon-wrapper-yes icon-hover-animation-fade\" data-animationoffset=\"top-into-view\"><div class=\"heading heading-with-icon icon-left\"><div class=\"icon\"><span style=\"height:42px;width:42px;line-height:22px;border-color:rgba(255,255,255,0);border-width:1px;border-style:solid;background-color:var(--awb-color8);box-sizing:content-box;border-radius:50%;\"><i style=\"border-color:var(--awb-color8);border-width:1px;background-color:var(--awb-color7);box-sizing:content-box;height:40px;width:40px;line-height:40px;border-radius:50%;position:relative;top:auto;left:auto;margin:0;border-radius:50%;font-size:20px;\" aria-hidden=\"true\" class=\"fontawesome-icon fa-user-friends fas circle-yes\"><\/i><\/span><\/div><h2 class=\"content-box-heading\" style=\"--h2_typography-font-size:24px;line-height:29px;\">Consulting fees are agreed upon based on the scope of service required<\/h2><\/div><\/div><\/div><div style=\"--awb-backgroundcolor:rgba(255,255,255,0);\" class=\"fusion-column content-box-column content-box-column content-box-column-2 col-lg-6 col-md-6 col-sm-6 fusion-content-box-hover content-box-column-last content-box-column-last-in-row\"><div class=\"col content-box-wrapper content-wrapper link-area-link-icon content-icon-wrapper-yes icon-hover-animation-fade\" data-animationoffset=\"top-into-view\"><div class=\"heading heading-with-icon icon-left\"><div class=\"icon\"><span style=\"height:42px;width:42px;line-height:22px;border-color:rgba(255,255,255,0);border-width:1px;border-style:solid;background-color:var(--awb-color8);box-sizing:content-box;border-radius:50%;\"><i style=\"border-color:var(--awb-color8);border-width:1px;background-color:var(--awb-color7);box-sizing:content-box;height:40px;width:40px;line-height:40px;border-radius:50%;position:relative;top:auto;left:auto;margin:0;border-radius:50%;font-size:20px;\" aria-hidden=\"true\" class=\"fontawesome-icon fa-euro-sign fas circle-yes\"><\/i><\/span><\/div><h2 class=\"content-box-heading\" style=\"--h2_typography-font-size:24px;line-height:29px;\">More yield per hectare \u2013 not more hectares to harvest!<\/h2><\/div><\/div><\/div><div class=\"fusion-clearfix\"><\/div><\/div><div class=\"fusion-separator fusion-full-width-sep\" style=\"align-self: center;margin-left: auto;margin-right: auto;margin-bottom:20px;width:100%;\"><div class=\"fusion-separator-border sep-single sep-solid\" style=\"--awb-height:20px;--awb-amount:20px;--awb-sep-color:var(--awb-custom_color_1);border-color:var(--awb-custom_color_1);border-top-width:1px;\"><\/div><\/div><div class=\"fusion-text fusion-text-2\"><p style=\"text-align: center;\"><strong>For more information and service agreements, please contact:<\/strong><\/p>\n<p style=\"text-align: center;\"><strong>Janne<\/strong><\/p>\n<p style=\"text-align: center;\"><a href=\"mailto:janne@puideseeme.ee\">janne@puideseeme.ee<\/a><\/p>\n<p style=\"text-align: center;\"><a href=\"tel:+372 5850 5566\">+372 5850 5566<\/a><\/p>\n<\/div><div class=\"fusion-image-element\" style=\"text-align:center;--awb-caption-title-font-family:var(--h2_typography-font-family);--awb-caption-title-font-weight:var(--h2_typography-font-weight);--awb-caption-title-font-style:var(--h2_typography-font-style);--awb-caption-title-size:var(--h2_typography-font-size);--awb-caption-title-transform:var(--h2_typography-text-transform);--awb-caption-title-line-height:var(--h2_typography-line-height);--awb-caption-title-letter-spacing:var(--h2_typography-letter-spacing);\"><span class=\"fusion-imageframe imageframe-none imageframe-1 hover-type-none\" style=\"border-radius:50%;\"><img decoding=\"async\" width=\"300\" height=\"300\" title=\"Vo\u0303ta u\u0308hendust\" src=\"https:\/\/puideseeme.ee\/wp-content\/uploads\/2025\/09\/Vota-uhendust--300x300.webp\" alt class=\"img-responsive wp-image-1939\" srcset=\"https:\/\/puideseeme.ee\/wp-content\/uploads\/2025\/09\/Vota-uhendust--12x12.webp 12w, https:\/\/puideseeme.ee\/wp-content\/uploads\/2025\/09\/Vota-uhendust--66x66.webp 66w, https:\/\/puideseeme.ee\/wp-content\/uploads\/2025\/09\/Vota-uhendust--150x150.webp 150w, https:\/\/puideseeme.ee\/wp-content\/uploads\/2025\/09\/Vota-uhendust--200x200.webp 200w, https:\/\/puideseeme.ee\/wp-content\/uploads\/2025\/09\/Vota-uhendust--300x300.webp 300w, https:\/\/puideseeme.ee\/wp-content\/uploads\/2025\/09\/Vota-uhendust--400x400.webp 400w, https:\/\/puideseeme.ee\/wp-content\/uploads\/2025\/09\/Vota-uhendust--600x600.webp 600w, https:\/\/puideseeme.ee\/wp-content\/uploads\/2025\/09\/Vota-uhendust--768x768.webp 768w, https:\/\/puideseeme.ee\/wp-content\/uploads\/2025\/09\/Vota-uhendust--800x800.webp 800w, https:\/\/puideseeme.ee\/wp-content\/uploads\/2025\/09\/Vota-uhendust--1024x1024.webp 1024w, https:\/\/puideseeme.ee\/wp-content\/uploads\/2025\/09\/Vota-uhendust-.webp 1196w\" sizes=\"(max-width: 640px) 100vw, 300px\" \/><\/span><\/div><div class=\"fusion-separator fusion-full-width-sep\" style=\"align-self: center;margin-left: auto;margin-right: auto;margin-top:20px;margin-bottom:20px;width:100%;\"><div class=\"fusion-separator-border sep-single sep-solid\" style=\"--awb-height:20px;--awb-amount:20px;--awb-sep-color:var(--awb-custom_color_1);border-color:var(--awb-custom_color_1);border-top-width:1px;\"><\/div><\/div><div class=\"fusion-title title fusion-title-2 fusion-sep-none fusion-title-text fusion-title-size-three\"><h3 class=\"fusion-title-heading title-heading-left\" style=\"margin:0;\">Get in touch with us to learn more!<\/h3><\/div><div class=\"fusion-form fusion-form-builder fusion-form-form-wrapper fusion-form-1501\" style=\"--awb-tooltip-text-color:#ffffff;--awb-tooltip-background-color:#333333;\" data-form-id=\"1501\" data-config=\"{&quot;form_id&quot;:&quot;1501&quot;,&quot;form_post_id&quot;:&quot;1501&quot;,&quot;post_id&quot;:1411,&quot;form_type&quot;:&quot;ajax&quot;,&quot;confirmation_type&quot;:&quot;redirect&quot;,&quot;redirect_url&quot;:&quot;https:\\\/\\\/puideseeme.ee\\\/taname-paringu-eest\\\/&quot;,&quot;field_labels&quot;:{&quot;nimi&quot;:&quot;&quot;,&quot;e-mail&quot;:&quot;&quot;,&quot;lisainfo&quot;:&quot;&quot;,&quot;ettevote&quot;:&quot;&quot;,&quot;telefoni_nr&quot;:&quot;&quot;,&quot;andmekaitsetingimused&quot;:&quot;&quot;},&quot;field_logics&quot;:{&quot;nimi&quot;:&quot;&quot;,&quot;e-mail&quot;:&quot;&quot;,&quot;lisainfo&quot;:&quot;&quot;,&quot;ettevote&quot;:&quot;&quot;,&quot;telefoni_nr&quot;:&quot;&quot;,&quot;andmekaitsetingimused&quot;:&quot;&quot;,&quot;submit_1&quot;:&quot;&quot;},&quot;field_types&quot;:{&quot;nimi&quot;:&quot;text&quot;,&quot;e-mail&quot;:&quot;email&quot;,&quot;lisainfo&quot;:&quot;textarea&quot;,&quot;ettevote&quot;:&quot;text&quot;,&quot;telefoni_nr&quot;:&quot;phone_number&quot;,&quot;andmekaitsetingimused&quot;:&quot;consent&quot;,&quot;submit_1&quot;:&quot;submit&quot;},&quot;nonce_method&quot;:&quot;ajax&quot;}\"><form action=\"https:\/\/puideseeme.ee\/en\/noustamine\/\" method=\"post\" class=\"fusion-form fusion-form-1501\" data-trp-original-action=\"https:\/\/puideseeme.ee\/en\/noustamine\/\"><div class=\"fusion-fullwidth fullwidth-box fusion-builder-row-1-1 fusion-flex-container has-pattern-background has-mask-background nonhundred-percent-fullwidth non-hundred-percent-height-scrolling\" style=\"--awb-border-radius-top-left:0px;--awb-border-radius-top-right:0px;--awb-border-radius-bottom-right:0px;--awb-border-radius-bottom-left:0px;--awb-flex-wrap:wrap;\" ><div class=\"fusion-builder-row fusion-row fusion-flex-align-items-flex-start fusion-flex-content-wrap\" style=\"width:104% !important;max-width:104% !important;margin-left: calc(-4% \/ 2 );margin-right: calc(-4% \/ 2 );\"><div class=\"fusion-layout-column fusion_builder_column fusion-builder-column-1 fusion_builder_column_1_2 1_2 fusion-flex-column\" style=\"--awb-bg-size:cover;--awb-width-large:50%;--awb-flex-grow:0;--awb-flex-shrink:0;--awb-margin-top-large:0px;--awb-spacing-right-large:3.84%;--awb-margin-bottom-large:20px;--awb-spacing-left-large:3.84%;--awb-width-medium:50%;--awb-order-medium:0;--awb-flex-grow-medium:0;--awb-flex-shrink-medium:0;--awb-spacing-right-medium:3.84%;--awb-spacing-left-medium:3.84%;--awb-width-small:100%;--awb-order-small:0;--awb-flex-grow-small:0;--awb-flex-shrink-small:0;--awb-spacing-right-small:1.92%;--awb-spacing-left-small:1.92%;\"><div class=\"fusion-column-wrapper fusion-column-has-shadow fusion-flex-justify-content-flex-start fusion-content-layout-column\"><div class=\"fusion-form-field fusion-form-text-field fusion-form-label-above\" style=\"\" data-form-id=\"1501\"><input type=\"text\" autocomplete=\"off\"  data-empty-notice=\"Palun t\u00e4ida t\u00e4rniga t\u00e4histatud v\u00e4ljad!\" name=\"nimi\" id=\"nimi\" value=\"Nimi\"  class=\"fusion-form-input\" required=\"true\" aria-required=\"true\" placeholder=\"Name\" data-holds-private-data=\"false\" minlength=\"0\"\/><\/div><div class=\"fusion-form-field fusion-form-email-field fusion-form-label-above\" style=\"\" data-form-id=\"1501\"><input type=\"email\" autocomplete=\"off\" name=\"e-mail\" id=\"e-mail\" value=\"\"  class=\"fusion-form-input\" required=\"true\" aria-required=\"true\" placeholder=\"Email *\" data-holds-private-data=\"false\"\/><\/div><div class=\"fusion-form-field fusion-form-textarea-field fusion-form-label-above\" style=\"\" data-form-id=\"1501\"><textarea cols=\"40\" autocomplete=\"off\"  minlength=\"0\"  rows=\"2\" tabindex=\"\" id=\"lisainfo\" name=\"lisainfo\" class=\"fusion-form-input\" placeholder=\"Additional information \" data-holds-private-data=\"false\"><\/textarea><\/div><\/div><\/div><div class=\"fusion-layout-column fusion_builder_column fusion-builder-column-2 fusion_builder_column_1_2 1_2 fusion-flex-column\" style=\"--awb-bg-size:cover;--awb-width-large:50%;--awb-flex-grow:0;--awb-flex-shrink:0;--awb-margin-top-large:0px;--awb-spacing-right-large:3.84%;--awb-margin-bottom-large:20px;--awb-spacing-left-large:3.84%;--awb-width-medium:50%;--awb-order-medium:0;--awb-flex-grow-medium:0;--awb-flex-shrink-medium:0;--awb-spacing-right-medium:3.84%;--awb-spacing-left-medium:3.84%;--awb-width-small:100%;--awb-order-small:0;--awb-flex-grow-small:0;--awb-flex-shrink-small:0;--awb-spacing-right-small:1.92%;--awb-spacing-left-small:1.92%;\"><div class=\"fusion-column-wrapper fusion-column-has-shadow fusion-flex-justify-content-flex-start fusion-content-layout-column\"><div class=\"fusion-form-field fusion-form-text-field fusion-form-label-above\" style=\"\" data-form-id=\"1501\"><input type=\"text\" autocomplete=\"off\" name=\"ettevote\" id=\"ettevote\" value=\"\"  class=\"fusion-form-input\" placeholder=\"Company \" data-holds-private-data=\"false\" minlength=\"0\"\/><\/div><div class=\"fusion-form-field fusion-form-phone-number-field fusion-form-label-above\" style=\"\" data-form-id=\"1501\"><input type=\"tel\" autocomplete=\"off\" name=\"telefoni_nr\" id=\"telefoni_nr\" value=\"\"  class=\"fusion-form-input\" placeholder=\"Phone nr. \" data-holds-private-data=\"false\"\/><\/div><div class=\"fusion-form-field fusion-form-consent-field fusion-form-label-above\" style=\"\" data-form-id=\"1501\"><div class=\"fusion-form-checkbox option-inline\"><input tabindex=\"\" id=\"andmekaitsetingimused\" type=\"checkbox\" value=\"1\" name=\"andmekaitsetingimused\" class=\"fusion-form-input\" required=\"true\" aria-required=\"true\"\/><label for=\"andmekaitsetingimused\">I agree <a href=\"https:\/\/puideseeme.ee\/en\/andmekaitsetingimused\/\" target=\"_blank\"> Terms of privacy <\/a><\/label><\/div><\/div><div class=\"fusion-form-field fusion-form-submit-field fusion-form-label-above\" style=\"\" data-form-id=\"1501\"><div ><button type=\"submit\" class=\"fusion-button button-flat fusion-button-default-size button-default fusion-button-default button-1 fusion-button-default-span  form-form-submit button-default\" data-form-number=\"1501\" tabindex=\"\"><span class=\"fusion-button-text awb-button__text awb-button__text--default\">Send<\/span><\/button><\/div><\/div><\/div><\/div><\/div><\/div><input type=\"hidden\" name=\"fusion_privacy_store_ip_ua\" value=\"false\"><input type=\"hidden\" name=\"fusion_privacy_expiration_interval\" value=\"48\"><input type=\"hidden\" name=\"privacy_expiration_action\" value=\"anonymize\"><input type=\"hidden\" name=\"trp-form-language\" value=\"en\"\/><\/form><\/div><\/div><\/div><\/div><\/div>","protected":false},"excerpt":{"rendered":"","protected":false},"author":1,"featured_media":0,"parent":0,"menu_order":0,"comment_status":"closed","ping_status":"closed","template":"","meta":{"footnotes":""},"class_list":["post-1411","page","type-page","status-publish","hentry"],"aioseo_notices":[],"_links":{"self":[{"href":"https:\/\/puideseeme.ee\/en\/wp-json\/wp\/v2\/pages\/1411","targetHints":{"allow":["GET"]}}],"collection":[{"href":"https:\/\/puideseeme.ee\/en\/wp-json\/wp\/v2\/pages"}],"about":[{"href":"https:\/\/puideseeme.ee\/en\/wp-json\/wp\/v2\/types\/page"}],"author":[{"embeddable":true,"href":"https:\/\/puideseeme.ee\/en\/wp-json\/wp\/v2\/users\/1"}],"replies":[{"embeddable":true,"href":"https:\/\/puideseeme.ee\/en\/wp-json\/wp\/v2\/comments?post=1411"}],"version-history":[{"count":24,"href":"https:\/\/puideseeme.ee\/en\/wp-json\/wp\/v2\/pages\/1411\/revisions"}],"predecessor-version":[{"id":2005,"href":"https:\/\/puideseeme.ee\/en\/wp-json\/wp\/v2\/pages\/1411\/revisions\/2005"}],"wp:attachment":[{"href":"https:\/\/puideseeme.ee\/en\/wp-json\/wp\/v2\/media?parent=1411"}],"curies":[{"name":"wp","href":"https:\/\/api.w.org\/{rel}","templated":true}]}}